{"id":2,"date":"2022-11-24T04:23:26","date_gmt":"2022-11-24T04:23:26","guid":{"rendered":"http:\/\/box2432\/cgi\/addon_GT.cgi?s=GT::WP::Install::EIG+%28myentre7%29+-+10.0.87.40+%5BWordpress%3b+\/var\/hp\/common\/lib\/Wordpress.pm%3b+589%3b+Hosting::gap_call%5D\/?page_id=2"},"modified":"2023-01-23T00:45:14","modified_gmt":"2023-01-23T00:45:14","slug":"about-us","status":"publish","type":"page","link":"https:\/\/www.tiendalatinamirefugio.com\/shop\/about-us\/","title":{"rendered":"About Us"},"content":{"rendered":"\n<p>Tienda Latina Mi Refugio, o simplemente &#8220;Mi Refugio&#8221; como la mayor\u00eda de nuestros clientes de mucho tiempo cari\u00f1osamente nos llaman, llevamos m\u00e1s de 20 a\u00f1os en negocios en Russellville, AL. Como un negocio familiar dirigido por inmigrantes de primera generaci\u00f3n, sabemos de primera mano lo dif\u00edcil que puede ser encontrar productos latinos que no siempre se encuentran en las grandes cadenas minoristas. Ya sea compartiendo un poco de nuestra cultura con nuestros hijos o disfrutando de nuestras botanas favoritas de la infancia de nuestros pa\u00edses de origen, Mi Refugio se esfuerza por ofrecer productos latinoamericanos a precios asequibles.<\/p>\n","protected":false},"excerpt":{"rendered":"<p>Tienda Latina Mi Refugio, o simplemente &#8220;Mi Refugio&#8221; como la mayor\u00eda de nuestros clientes de mucho tiempo cari\u00f1osamente nos llaman, llevamos m\u00e1s de 20 a\u00f1os en negocios en Russellville, AL. Como un negocio familiar dirigido por inmigrantes de primera generaci\u00f3n, sabemos de primera mano lo dif\u00edcil que puede ser encontrar productos latinos que no siempre [&hellip;]<\/p>\n","protected":false},"author":1,"featured_media":0,"parent":0,"menu_order":0,"comment_status":"closed","ping_status":"open","template":"","meta":{"nf_dc_page":"","om_disable_all_campaigns":false,"_monsterinsights_skip_tracking":false,"_monsterinsights_sitenote_active":false,"_monsterinsights_sitenote_note":"","_monsterinsights_sitenote_category":0,"site-sidebar-layout":"default","site-content-layout":"","ast-site-content-layout":"default","site-content-style":"default","site-sidebar-style":"default","ast-global-header-display":"","ast-banner-title-visibility":"","ast-main-header-display":"","ast-hfb-above-header-display":"","ast-hfb-below-header-display":"","ast-hfb-mobile-header-display":"","site-post-title":"","ast-breadcrumbs-content":"","ast-featured-img":"","footer-sml-layout":"","ast-disable-related-posts":"","theme-transparent-header-meta":"","adv-header-id-meta":"","stick-header-meta":"","header-above-stick-meta":"","header-main-stick-meta":"","header-below-stick-meta":"","astra-migrate-meta-layouts":"default","ast-page-background-enabled":"default","ast-page-background-meta":{"desktop":{"background-color":"var(--ast-global-color-4)","background-image":"","background-repeat":"repeat","background-position":"center center","background-size":"auto","background-attachment":"scroll","background-type":"","background-media":"","overlay-type":"","overlay-color":"","overlay-opacity":"","overlay-gradient":""},"tablet":{"background-color":"","background-image":"","background-repeat":"repeat","background-position":"center center","background-size":"auto","background-attachment":"scroll","background-type":"","background-media":"","overlay-type":"","overlay-color":"","overlay-opacity":"","overlay-gradient":""},"mobile":{"background-color":"","background-image":"","background-repeat":"repeat","background-position":"center center","background-size":"auto","background-attachment":"scroll","background-type":"","background-media":"","overlay-type":"","overlay-color":"","overlay-opacity":"","overlay-gradient":""}},"ast-content-background-meta":{"desktop":{"background-color":"var(--ast-global-color-5)","background-image":"","background-repeat":"repeat","background-position":"center center","background-size":"auto","background-attachment":"scroll","background-type":"","background-media":"","overlay-type":"","overlay-color":"","overlay-opacity":"","overlay-gradient":""},"tablet":{"background-color":"var(--ast-global-color-5)","background-image":"","background-repeat":"repeat","background-position":"center center","background-size":"auto","background-attachment":"scroll","background-type":"","background-media":"","overlay-type":"","overlay-color":"","overlay-opacity":"","overlay-gradient":""},"mobile":{"background-color":"var(--ast-global-color-5)","background-image":"","background-repeat":"repeat","background-position":"center center","background-size":"auto","background-attachment":"scroll","background-type":"","background-media":"","overlay-type":"","overlay-color":"","overlay-opacity":"","overlay-gradient":""}},"footnotes":""},"class_list":["post-2","page","type-page","status-publish","hentry"],"yoast_head":"<!-- This site is optimized with the Yoast SEO plugin v27.4 - https:\/\/yoast.com\/product\/yoast-seo-wordpress\/ -->\n<title>About Us - Tienda Latina Mi Refugio<\/title>\n<meta name=\"robots\" content=\"index, follow, max-snippet:-1, max-image-preview:large, max-video-preview:-1\" \/>\n<link rel=\"canonical\" href=\"https:\/\/www.tiendalatinamirefugio.com\/shop\/about-us\/\" \/>\n<meta property=\"og:locale\" content=\"en_US\" \/>\n<meta property=\"og:type\" content=\"article\" \/>\n<meta property=\"og:title\" content=\"About Us - Tienda Latina Mi Refugio\" \/>\n<meta property=\"og:description\" content=\"Tienda Latina Mi Refugio, o simplemente &#8220;Mi Refugio&#8221; como la mayor\u00eda de nuestros clientes de mucho tiempo cari\u00f1osamente nos llaman, llevamos m\u00e1s de 20 a\u00f1os en negocios en Russellville, AL. Como un negocio familiar dirigido por inmigrantes de primera generaci\u00f3n, sabemos de primera mano lo dif\u00edcil que puede ser encontrar productos latinos que no siempre [&hellip;]\" \/>\n<meta property=\"og:url\" content=\"https:\/\/www.tiendalatinamirefugio.com\/shop\/about-us\/\" \/>\n<meta property=\"og:site_name\" content=\"Tienda Latina Mi Refugio\" \/>\n<meta property=\"article:publisher\" content=\"https:\/\/www.facebook.com\/TiendaMiRefugio\" \/>\n<meta property=\"article:modified_time\" content=\"2023-01-23T00:45:14+00:00\" \/>\n<meta name=\"twitter:card\" content=\"summary_large_image\" \/>\n<meta name=\"twitter:label1\" content=\"Est. reading time\" \/>\n\t<meta name=\"twitter:data1\" content=\"1 minute\" \/>\n<script type=\"application\/ld+json\" class=\"yoast-schema-graph\">{\"@context\":\"https:\\\/\\\/schema.org\",\"@graph\":[{\"@type\":\"WebPage\",\"@id\":\"https:\\\/\\\/www.tiendalatinamirefugio.com\\\/shop\\\/about-us\\\/\",\"url\":\"https:\\\/\\\/www.tiendalatinamirefugio.com\\\/shop\\\/about-us\\\/\",\"name\":\"About Us - Tienda Latina Mi Refugio\",\"isPartOf\":{\"@id\":\"https:\\\/\\\/www.tiendalatinamirefugio.com\\\/shop\\\/#website\"},\"datePublished\":\"2022-11-24T04:23:26+00:00\",\"dateModified\":\"2023-01-23T00:45:14+00:00\",\"breadcrumb\":{\"@id\":\"https:\\\/\\\/www.tiendalatinamirefugio.com\\\/shop\\\/about-us\\\/#breadcrumb\"},\"inLanguage\":\"en-US\",\"potentialAction\":[{\"@type\":\"ReadAction\",\"target\":[\"https:\\\/\\\/www.tiendalatinamirefugio.com\\\/shop\\\/about-us\\\/\"]}]},{\"@type\":\"BreadcrumbList\",\"@id\":\"https:\\\/\\\/www.tiendalatinamirefugio.com\\\/shop\\\/about-us\\\/#breadcrumb\",\"itemListElement\":[{\"@type\":\"ListItem\",\"position\":1,\"name\":\"Home\",\"item\":\"https:\\\/\\\/www.tiendalatinamirefugio.com\\\/shop\\\/\"},{\"@type\":\"ListItem\",\"position\":2,\"name\":\"About Us\"}]},{\"@type\":\"WebSite\",\"@id\":\"https:\\\/\\\/www.tiendalatinamirefugio.com\\\/shop\\\/#website\",\"url\":\"https:\\\/\\\/www.tiendalatinamirefugio.com\\\/shop\\\/\",\"name\":\"Tienda Latina Mi Refugio\",\"description\":\"Productos Latinos\",\"publisher\":{\"@id\":\"https:\\\/\\\/www.tiendalatinamirefugio.com\\\/shop\\\/#organization\"},\"potentialAction\":[{\"@type\":\"SearchAction\",\"target\":{\"@type\":\"EntryPoint\",\"urlTemplate\":\"https:\\\/\\\/www.tiendalatinamirefugio.com\\\/shop\\\/?s={search_term_string}\"},\"query-input\":{\"@type\":\"PropertyValueSpecification\",\"valueRequired\":true,\"valueName\":\"search_term_string\"}}],\"inLanguage\":\"en-US\"},{\"@type\":\"Organization\",\"@id\":\"https:\\\/\\\/www.tiendalatinamirefugio.com\\\/shop\\\/#organization\",\"name\":\"Tienda Latina Mi Refugio\",\"url\":\"https:\\\/\\\/www.tiendalatinamirefugio.com\\\/shop\\\/\",\"logo\":{\"@type\":\"ImageObject\",\"inLanguage\":\"en-US\",\"@id\":\"https:\\\/\\\/www.tiendalatinamirefugio.com\\\/shop\\\/#\\\/schema\\\/logo\\\/image\\\/\",\"url\":\"https:\\\/\\\/i0.wp.com\\\/www.tiendalatinamirefugio.com\\\/wp-content\\\/uploads\\\/2023\\\/03\\\/cropped-cropped-MiRefugiologo.png?fit=512%2C512&ssl=1\",\"contentUrl\":\"https:\\\/\\\/i0.wp.com\\\/www.tiendalatinamirefugio.com\\\/wp-content\\\/uploads\\\/2023\\\/03\\\/cropped-cropped-MiRefugiologo.png?fit=512%2C512&ssl=1\",\"width\":512,\"height\":512,\"caption\":\"Tienda Latina Mi Refugio\"},\"image\":{\"@id\":\"https:\\\/\\\/www.tiendalatinamirefugio.com\\\/shop\\\/#\\\/schema\\\/logo\\\/image\\\/\"},\"sameAs\":[\"https:\\\/\\\/www.facebook.com\\\/TiendaMiRefugio\"]}]}<\/script>\n<!-- \/ Yoast SEO plugin. -->","yoast_head_json":{"title":"About Us - Tienda Latina Mi Refugio","robots":{"index":"index","follow":"follow","max-snippet":"max-snippet:-1","max-image-preview":"max-image-preview:large","max-video-preview":"max-video-preview:-1"},"canonical":"https:\/\/www.tiendalatinamirefugio.com\/shop\/about-us\/","og_locale":"en_US","og_type":"article","og_title":"About Us - Tienda Latina Mi Refugio","og_description":"Tienda Latina Mi Refugio, o simplemente &#8220;Mi Refugio&#8221; como la mayor\u00eda de nuestros clientes de mucho tiempo cari\u00f1osamente nos llaman, llevamos m\u00e1s de 20 a\u00f1os en negocios en Russellville, AL. Como un negocio familiar dirigido por inmigrantes de primera generaci\u00f3n, sabemos de primera mano lo dif\u00edcil que puede ser encontrar productos latinos que no siempre [&hellip;]","og_url":"https:\/\/www.tiendalatinamirefugio.com\/shop\/about-us\/","og_site_name":"Tienda Latina Mi Refugio","article_publisher":"https:\/\/www.facebook.com\/TiendaMiRefugio","article_modified_time":"2023-01-23T00:45:14+00:00","twitter_card":"summary_large_image","twitter_misc":{"Est. reading time":"1 minute"},"schema":{"@context":"https:\/\/schema.org","@graph":[{"@type":"WebPage","@id":"https:\/\/www.tiendalatinamirefugio.com\/shop\/about-us\/","url":"https:\/\/www.tiendalatinamirefugio.com\/shop\/about-us\/","name":"About Us - Tienda Latina Mi Refugio","isPartOf":{"@id":"https:\/\/www.tiendalatinamirefugio.com\/shop\/#website"},"datePublished":"2022-11-24T04:23:26+00:00","dateModified":"2023-01-23T00:45:14+00:00","breadcrumb":{"@id":"https:\/\/www.tiendalatinamirefugio.com\/shop\/about-us\/#breadcrumb"},"inLanguage":"en-US","potentialAction":[{"@type":"ReadAction","target":["https:\/\/www.tiendalatinamirefugio.com\/shop\/about-us\/"]}]},{"@type":"BreadcrumbList","@id":"https:\/\/www.tiendalatinamirefugio.com\/shop\/about-us\/#breadcrumb","itemListElement":[{"@type":"ListItem","position":1,"name":"Home","item":"https:\/\/www.tiendalatinamirefugio.com\/shop\/"},{"@type":"ListItem","position":2,"name":"About Us"}]},{"@type":"WebSite","@id":"https:\/\/www.tiendalatinamirefugio.com\/shop\/#website","url":"https:\/\/www.tiendalatinamirefugio.com\/shop\/","name":"Tienda Latina Mi Refugio","description":"Productos Latinos","publisher":{"@id":"https:\/\/www.tiendalatinamirefugio.com\/shop\/#organization"},"potentialAction":[{"@type":"SearchAction","target":{"@type":"EntryPoint","urlTemplate":"https:\/\/www.tiendalatinamirefugio.com\/shop\/?s={search_term_string}"},"query-input":{"@type":"PropertyValueSpecification","valueRequired":true,"valueName":"search_term_string"}}],"inLanguage":"en-US"},{"@type":"Organization","@id":"https:\/\/www.tiendalatinamirefugio.com\/shop\/#organization","name":"Tienda Latina Mi Refugio","url":"https:\/\/www.tiendalatinamirefugio.com\/shop\/","logo":{"@type":"ImageObject","inLanguage":"en-US","@id":"https:\/\/www.tiendalatinamirefugio.com\/shop\/#\/schema\/logo\/image\/","url":"https:\/\/i0.wp.com\/www.tiendalatinamirefugio.com\/wp-content\/uploads\/2023\/03\/cropped-cropped-MiRefugiologo.png?fit=512%2C512&ssl=1","contentUrl":"https:\/\/i0.wp.com\/www.tiendalatinamirefugio.com\/wp-content\/uploads\/2023\/03\/cropped-cropped-MiRefugiologo.png?fit=512%2C512&ssl=1","width":512,"height":512,"caption":"Tienda Latina Mi Refugio"},"image":{"@id":"https:\/\/www.tiendalatinamirefugio.com\/shop\/#\/schema\/logo\/image\/"},"sameAs":["https:\/\/www.facebook.com\/TiendaMiRefugio"]}]}},"jetpack_sharing_enabled":true,"_links":{"self":[{"href":"https:\/\/www.tiendalatinamirefugio.com\/shop\/wp-json\/wp\/v2\/pages\/2","targetHints":{"allow":["GET"]}}],"collection":[{"href":"https:\/\/www.tiendalatinamirefugio.com\/shop\/wp-json\/wp\/v2\/pages"}],"about":[{"href":"https:\/\/www.tiendalatinamirefugio.com\/shop\/wp-json\/wp\/v2\/types\/page"}],"author":[{"embeddable":true,"href":"https:\/\/www.tiendalatinamirefugio.com\/shop\/wp-json\/wp\/v2\/users\/1"}],"replies":[{"embeddable":true,"href":"https:\/\/www.tiendalatinamirefugio.com\/shop\/wp-json\/wp\/v2\/comments?post=2"}],"version-history":[{"count":1,"href":"https:\/\/www.tiendalatinamirefugio.com\/shop\/wp-json\/wp\/v2\/pages\/2\/revisions"}],"predecessor-version":[{"id":48,"href":"https:\/\/www.tiendalatinamirefugio.com\/shop\/wp-json\/wp\/v2\/pages\/2\/revisions\/48"}],"wp:attachment":[{"href":"https:\/\/www.tiendalatinamirefugio.com\/shop\/wp-json\/wp\/v2\/media?parent=2"}],"curies":[{"name":"wp","href":"https:\/\/api.w.org\/{rel}","templated":true}]}}